{"id":4026,"date":"2024-11-01T18:33:05","date_gmt":"2024-11-01T18:33:05","guid":{"rendered":"https:\/\/abbasiimmigrationlaw.com\/?page_id=4026"},"modified":"2024-11-01T18:42:56","modified_gmt":"2024-11-01T18:42:56","slug":"politica-de-privacidad","status":"publish","type":"page","link":"https:\/\/abbasiimmigrationlaw.com\/es\/privacy-policy\/","title":{"rendered":"Pol\u00edtica de privacidad"},"content":{"rendered":"<div data-elementor-type=\"wp-page\" data-elementor-id=\"4026\" class=\"elementor elementor-4026\" data-elementor-post-type=\"page\">\n\t\t\t\t\t\t<section class=\"elementor-section elementor-top-section elementor-element elementor-element-9bd0fe8 elementor-section-full_width elementor-section-height-min-height elementor-section-items-bottom elementor-section-height-default\" data-id=\"9bd0fe8\" data-element_type=\"section\" data-e-type=\"section\" data-settings=\"{&quot;background_background&quot;:&quot;classic&quot;}\">\n\t\t\t\t\t\t\t<div class=\"elementor-background-overlay\"><\/div>\n\t\t\t\t\t\t\t<div class=\"elementor-container elementor-column-gap-default\">\n\t\t\t\t\t<div class=\"elementor-column elementor-col-100 elementor-top-column elementor-element elementor-element-a821cd5\" data-id=\"a821cd5\" data-element_type=\"column\" data-e-type=\"column\">\n\t\t\t<div class=\"elementor-widget-wrap elementor-element-populated\">\n\t\t\t\t\t\t<div class=\"elementor-element elementor-element-0570051 elementor-widget elementor-widget-heading\" data-id=\"0570051\" data-element_type=\"widget\" data-e-type=\"widget\" data-widget_type=\"heading.default\">\n\t\t\t\t<div class=\"elementor-widget-container\">\n\t\t\t\t\t<h1 class=\"elementor-heading-title elementor-size-default\">Pol\u00edtica de privacidad<\/h1>\t\t\t\t<\/div>\n\t\t\t\t<\/div>\n\t\t\t\t<div class=\"elementor-element elementor-element-c975919 elementor-widget-divider--view-line_icon elementor-view-default elementor-widget-divider--element-align-center elementor-widget elementor-widget-divider\" data-id=\"c975919\" data-element_type=\"widget\" data-e-type=\"widget\" data-widget_type=\"divider.default\">\n\t\t\t\t<div class=\"elementor-widget-container\">\n\t\t\t\t\t\t\t<div class=\"elementor-divider\">\n\t\t\t<span class=\"elementor-divider-separator\">\n\t\t\t\t\t\t\t<div class=\"elementor-icon elementor-divider__element\">\n\t\t\t\t\t<svg xmlns=\"http:\/\/www.w3.org\/2000\/svg\" id=\"Capa_1\" height=\"512\" viewbox=\"0 0 512 512\" width=\"512\"><g><g><path d=\"m237.776 286.342 15.981-15.963c-3.099-6.703-9.98-20.739-15.287-25.926-7.379-6.989-18.69-12.602-27.321-16.599l-15.919 15.941z\"><\/path><path d=\"m174.033 265.021-174.033 173.979 42.305 42.305 174.247-173.765z\"><\/path><\/g><g id=\"Law_1_\"><g><g><path d=\"m290.821 42.277-42.566-42.277-127.017 127.046 42.252 42.563z\"><\/path><path d=\"m188.764 186.757c21.896 7.331 53.659 20.038 70.477 36.061 14.748 14.16 29.06 50.559 35.594 70.003l119.152-119.16c-19.536-6.486-54.6-20.297-70.181-35.878s-29.392-50.638-35.885-70.184z\"><\/path><path d=\"m439.318 190.752-127.337 127.344 42.548 42.27 127.061-127.031z\"><\/path><\/g><\/g><path d=\"m482 482v-60h-180v60h-30v30h240v-30z\"><\/path><\/g><\/g><\/svg><\/div>\n\t\t\t\t\t\t<\/span>\n\t\t<\/div>\n\t\t\t\t\t\t<\/div>\n\t\t\t\t<\/div>\n\t\t\t\t\t<\/div>\n\t\t<\/div>\n\t\t\t\t\t<\/div>\n\t\t<\/section>\n\t\t\t\t<section class=\"elementor-section elementor-top-section elementor-element elementor-element-98df504 elementor-section-boxed elementor-section-height-default elementor-section-height-default\" data-id=\"98df504\" data-element_type=\"section\" data-e-type=\"section\" data-settings=\"{&quot;background_background&quot;:&quot;classic&quot;}\">\n\t\t\t\t\t\t\t<div class=\"elementor-background-overlay\"><\/div>\n\t\t\t\t\t\t\t<div class=\"elementor-container elementor-column-gap-default\">\n\t\t\t\t\t<div class=\"elementor-column elementor-col-100 elementor-top-column elementor-element elementor-element-76d2bdd\" data-id=\"76d2bdd\" data-element_type=\"column\" data-e-type=\"column\">\n\t\t\t<div class=\"elementor-widget-wrap elementor-element-populated\">\n\t\t\t\t\t\t<div class=\"elementor-element elementor-element-4561244 elementor-widget elementor-widget-text-editor\" data-id=\"4561244\" data-element_type=\"widget\" data-e-type=\"widget\" data-widget_type=\"text-editor.default\">\n\t\t\t\t<div class=\"elementor-widget-container\">\n\t\t\t\t\t\t\t\t\t<p>Esta pol\u00edtica de privacidad se aplica a la informaci\u00f3n recogida en l\u00ednea de los usuarios de este sitio web. En esta pol\u00edtica, usted puede aprender qu\u00e9 tipo de informaci\u00f3n recogemos, cu\u00e1ndo y c\u00f3mo podr\u00edamos utilizar esa informaci\u00f3n, c\u00f3mo protegemos la informaci\u00f3n, y las opciones que usted tiene con respecto a su informaci\u00f3n personal.<\/p><h2>\u00bfQu\u00e9 informaci\u00f3n personal se recoge a trav\u00e9s de este sitio web y c\u00f3mo se utiliza?<\/h2><p>Recogemos informaci\u00f3n sobre nuestros usuarios de tres formas: directamente del usuario, de los registros de nuestro servidor web y a trav\u00e9s de cookies. Utilizamos la informaci\u00f3n principalmente para ofrecerle una experiencia de Internet personalizada que le proporcione la informaci\u00f3n, los recursos y los servicios m\u00e1s relevantes y \u00fatiles para usted. No compartimos ninguna de la informaci\u00f3n que usted nos proporciona con terceros, a menos que as\u00ed lo indiquemos en esta Pol\u00edtica de Privacidad, o cuando creamos de buena fe que la ley as\u00ed lo exige.\u00a0<strong>Informaci\u00f3n facilitada por el usuario<\/strong>: Si rellena el formulario de \"contacto\" de este sitio web, le pediremos que facilite algunos datos personales (como direcci\u00f3n de correo electr\u00f3nico, nombre, n\u00famero de tel\u00e9fono y estado). Le rogamos que no env\u00ede ning\u00fan tipo de informaci\u00f3n confidencial, reservada o sensible que le identifique personalmente (por ejemplo, n\u00famero de la Seguridad Social, fecha de nacimiento, n\u00famero del carn\u00e9 de conducir, tarjeta de cr\u00e9dito, cuenta bancaria u otra informaci\u00f3n financiera) (en adelante, \"Informaci\u00f3n sensible\"). Si env\u00eda cualquier Informaci\u00f3n Sensible, lo hace bajo su propia responsabilidad y no seremos responsables ante usted ni responderemos de las consecuencias de su env\u00edo. La informaci\u00f3n que nos proporcione a trav\u00e9s del formulario de contacto o de un chat en l\u00ednea se utilizar\u00e1 para que podamos responder a su consulta. Tambi\u00e9n podremos utilizar la informaci\u00f3n que nos proporcione para comunicarnos con usted en el futuro. Si no desea recibir dichas comunicaciones, puede optar por no recibirlas (darse de baja) tal y como se describe a continuaci\u00f3n. <strong>Registros del servidor web<\/strong>: Cuando usted visita nuestro sitio web, podemos rastrear informaci\u00f3n sobre su visita y almacenar esa informaci\u00f3n en los registros del servidor web, que son registros de las actividades en nuestros sitios. Los servidores capturan y guardan autom\u00e1ticamente la informaci\u00f3n de forma electr\u00f3nica. Algunos ejemplos de la informaci\u00f3n que podemos recopilar son:<\/p><ul><li>su direcci\u00f3n \u00fanica de protocolo de Internet;<\/li><li>el nombre de su \u00fanico proveedor de servicios de Internet;<\/li><li>la ciudad, el condado, el estado y el pa\u00eds desde los que accede a nuestro sitio web;<\/li><li>el tipo de navegador o de ordenador que utiliza;<\/li><li>el n\u00famero de enlaces que pulsa dentro del sitio;<\/li><li>la fecha y hora de su visita;<\/li><li>la p\u00e1gina web desde la que lleg\u00f3 a nuestro sitio;<\/li><li>las p\u00e1ginas que ha visitado en el sitio; y<\/li><li class=\"last-child\">determinadas b\u00fasquedas\/consultas que haya realizado a trav\u00e9s de nuestro(s) sitio(s) web.<\/li><\/ul><p>La informaci\u00f3n que recogemos en los registros del servidor web nos ayuda a administrar el sitio, analizar su uso, proteger el sitio web y su contenido de usos inadecuados y mejorar la experiencia del usuario.\u00a0<strong>Galletas:<\/strong>\u00a0Con el fin de ofrecer y proporcionar un servicio personalizado y a medida, nuestros sitios web y aplicaciones pueden utilizar cookies y tecnolog\u00edas similares para almacenar y ayudar a rastrear informaci\u00f3n sobre usted. Las cookies son simplemente peque\u00f1os fragmentos de datos que se env\u00edan a su navegador desde un servidor web y se almacenan en el disco duro de su ordenador. Utilizamos cookies para recordar qui\u00e9n es usted y ayudarle a navegar por nuestros sitios durante sus visitas. Las cookies tambi\u00e9n pueden indicarnos a qu\u00e9 p\u00e1ginas de un sitio web se dirigen los visitantes y nos permiten guardar sus preferencias para que no tenga que volver a introducirlas cada vez que nos visite. El uso de cookies es relativamente habitual. La mayor\u00eda de los navegadores de Internet est\u00e1n configurados inicialmente para aceptar cookies, pero usted puede utilizar su navegador para que le notifique cuando recibe una cookie o para desactivar las cookies. Si desea desactivar las cookies de este sitio, puede hacerlo a trav\u00e9s de su navegador. Debe entender que algunas caracter\u00edsticas de muchos sitios pueden no funcionar correctamente si no acepta las cookies. Para m\u00e1s informaci\u00f3n sobre el uso de los navegadores para gestionar las cookies, consulte\u00a0<a href=\"http:\/\/www.allaboutcookies.org\/manage-cookies\/\" target=\"_blank\" rel=\"nofollow noopener\">Todo sobre las cookies<\/a>.  Puede inhabilitar el uso de cookies por parte de Google visitando\u00a0<a href=\"https:\/\/www.google.com\/settings\/ads\" target=\"_blank\" rel=\"nofollow noopener\">Configuraci\u00f3n de anuncios de Google<\/a>. Al visitar este sitio web, usted acepta el uso de cookies y tecnolog\u00edas similares de acuerdo con esta Declaraci\u00f3n de Privacidad.\u00a0<strong>Servicios de terceros:<\/strong> Podemos utilizar servicios alojados por terceros para ayudarnos a prestar nuestros servicios y para ayudarnos a comprender el uso de nuestro sitio por parte de nuestros visitantes. Estos servicios pueden recoger informaci\u00f3n enviada por su navegador como parte de una solicitud de p\u00e1gina web, incluyendo su direcci\u00f3n IP o cookies. Si estos servicios de terceros recopilan informaci\u00f3n, lo hacen de forma an\u00f3nima y agregada para proporcionarnos informaci\u00f3n \u00fatil, como las tendencias del sitio web, sin identificar a los visitantes individuales. Adem\u00e1s, podemos utilizar servicios prestados por terceros para mostrarle contenidos, productos, servicios y publicidad relevantes. Estos terceros pueden utilizar cookies, balizas web y tecnolog\u00edas similares para recopilar o recibir informaci\u00f3n de este sitio web y de otros sitios de Internet. A continuaci\u00f3n, pueden utilizar esa informaci\u00f3n para prestar servicios de medici\u00f3n que nos permitan conocer sus intereses y reorientar la publicidad en funci\u00f3n de sus visitas anteriores a este sitio web. Tenga en cuenta que no compartimos su informaci\u00f3n personal con ning\u00fan anunciante, servidor de anuncios o red publicitaria de terceros. Puede optar por no participar en la recopilaci\u00f3n y uso de informaci\u00f3n para la segmentaci\u00f3n publicitaria por parte de terceros visitando\u00a0<a href=\"https:\/\/www.aboutads.info\/choices\/\" target=\"_blank\" rel=\"nofollow noopener\">www.aboutads.info\/choices<\/a>. Puede inhabilitar el uso de cookies por parte de Google visitando\u00a0<a href=\"https:\/\/www.google.com\/settings\/ads\" target=\"_blank\" rel=\"nofollow noopener\">Configuraci\u00f3n de anuncios de Google<\/a>. Puede visitar esta p\u00e1gina\u00a0<a href=\"http:\/\/www.networkadvertising.org\/choices\/\" target=\"_blank\" rel=\"nofollow noopener\">p\u00e1gina<\/a>\u00a0para excluirse de la publicidad dirigida de AdRoll y sus socios. Consulte \"Cookies\" en la secci\u00f3n anterior para obtener m\u00e1s informaci\u00f3n sobre c\u00f3mo puede controlar el uso de cookies en su ordenador.\u00a0<strong>California Do Not Track:<\/strong>\u00a0Nuestros servicios web no alteran, cambian ni responden al recibir solicitudes o se\u00f1ales Do Not Track (DNT) en los navegadores. Como se ha descrito anteriormente con m\u00e1s detalle, hacemos un seguimiento de la actividad de los usuarios utilizando registros de servidores web, cookies y tecnolog\u00edas similares. La informaci\u00f3n recogida en los registros del servidor web nos ayuda a analizar el uso del sitio web y a mejorar la experiencia del usuario. Las cookies nos permiten ofrecerle una experiencia personalizada y presentarle publicidad relevante.<\/p><h2>\u00bfC\u00f3mo se protege la informaci\u00f3n personal?<\/h2><p>Tomamos ciertas medidas de seguridad apropiadas para ayudar a proteger su informaci\u00f3n personal de p\u00e9rdidas accidentales y del acceso, uso o divulgaci\u00f3n no autorizados. Sin embargo, no podemos garantizar que las personas no autorizadas sean siempre incapaces de burlar nuestras medidas de seguridad.<\/p><h2>\u00bfQui\u00e9n tiene acceso a la informaci\u00f3n?<\/h2><p>No venderemos, alquilaremos ni arrendaremos listas de correo u otros datos de usuarios a terceros, y no pondremos su informaci\u00f3n personal a disposici\u00f3n de terceros no afiliados, salvo en los casos siguientes:<\/p><ul><li>a agentes, proveedores del sitio web y\/o contratistas que puedan utilizarla en nuestro nombre o en el marco de su relaci\u00f3n con nosotros;<\/li><li>si no podemos ayudarle con su asunto, pero conocemos a un abogado o bufete no afiliado que podr\u00eda ayudarle, podemos remitirle y compartir con \u00e9l la informaci\u00f3n que nos haya facilitado; y<\/li><li class=\"last-child\">cuando lo exija la ley, en una cuesti\u00f3n de seguridad o pol\u00edtica p\u00fablica, cuando sea necesario en relaci\u00f3n con la transferencia de nuestros activos comerciales (por ejemplo, si somos adquiridos por otra empresa o si somos liquidados durante un procedimiento de quiebra), o si creemos de buena fe que compartir los datos es necesario para proteger nuestros derechos o propiedad.<\/li><\/ul><h2>\u00bfC\u00f3mo puedo corregir, modificar o eliminar mis datos personales y\/o excluirme de futuras comunicaciones?<\/h2><p>En cualquier momento puede darse de baja de nuestros futuros contactos. P\u00f3ngase en contacto con nosotros en cualquier momento a trav\u00e9s del n\u00famero de tel\u00e9fono, el formulario de contacto o la direcci\u00f3n postal de nuestro sitio web:<\/p><ul><li>ver qu\u00e9 datos tenemos sobre usted, si los hay;<\/li><li>modificar\/corregir cualquier dato que tengamos sobre usted;<\/li><li>pedirnos que suprimamos los datos que tenemos sobre usted; y\/o<\/li><li class=\"last-child\">optar por no recibir comunicaciones nuestras en el futuro.<\/li><\/ul><p>Si tiene m\u00e1s preguntas o dudas sobre esta pol\u00edtica de privacidad, p\u00f3ngase en contacto con nosotros a trav\u00e9s del n\u00famero de tel\u00e9fono, el formulario de contacto o la direcci\u00f3n postal que aparecen en este sitio web. Si nuestras pr\u00e1cticas de informaci\u00f3n cambian de manera significativa, publicaremos los cambios de pol\u00edtica aqu\u00ed. En vigor desde el 1 de noviembre de 2024.<\/p>\t\t\t\t\t\t\t\t<\/div>\n\t\t\t\t<\/div>\n\t\t\t\t\t<\/div>\n\t\t<\/div>\n\t\t\t\t\t<\/div>\n\t\t<\/section>\n\t\t\t\t<\/div>","protected":false},"excerpt":{"rendered":"<p>Privacy Policy This privacy policy applies to information collected online from users of this website. In this policy, you can learn what kind of information we collect, when and how we might use that information, how we protect the information, and the choices you have with respect to your personal information. What personal information is [&hellip;]<\/p>\n","protected":false},"author":1,"featured_media":0,"parent":0,"menu_order":0,"comment_status":"closed","ping_status":"closed","template":"","meta":{"inline_featured_image":false,"ocean_post_layout":"","ocean_both_sidebars_style":"","ocean_both_sidebars_content_width":0,"ocean_both_sidebars_sidebars_width":0,"ocean_sidebar":"0","ocean_second_sidebar":"0","ocean_disable_margins":"enable","ocean_add_body_class":"","ocean_shortcode_before_top_bar":"","ocean_shortcode_after_top_bar":"","ocean_shortcode_before_header":"","ocean_shortcode_after_header":"","ocean_has_shortcode":"","ocean_shortcode_after_title":"","ocean_shortcode_before_footer_widgets":"","ocean_shortcode_after_footer_widgets":"","ocean_shortcode_before_footer_bottom":"","ocean_shortcode_after_footer_bottom":"","ocean_display_top_bar":"default","ocean_display_header":"default","ocean_header_style":"","ocean_center_header_left_menu":"0","ocean_custom_header_template":"0","ocean_custom_logo":0,"ocean_custom_retina_logo":0,"ocean_custom_logo_max_width":0,"ocean_custom_logo_tablet_max_width":0,"ocean_custom_logo_mobile_max_width":0,"ocean_custom_logo_max_height":0,"ocean_custom_logo_tablet_max_height":0,"ocean_custom_logo_mobile_max_height":0,"ocean_header_custom_menu":"0","ocean_menu_typo_font_family":"0","ocean_menu_typo_font_subset":"","ocean_menu_typo_font_size":0,"ocean_menu_typo_font_size_tablet":0,"ocean_menu_typo_font_size_mobile":0,"ocean_menu_typo_font_size_unit":"px","ocean_menu_typo_font_weight":"","ocean_menu_typo_font_weight_tablet":"","ocean_menu_typo_font_weight_mobile":"","ocean_menu_typo_transform":"","ocean_menu_typo_transform_tablet":"","ocean_menu_typo_transform_mobile":"","ocean_menu_typo_line_height":0,"ocean_menu_typo_line_height_tablet":0,"ocean_menu_typo_line_height_mobile":0,"ocean_menu_typo_line_height_unit":"","ocean_menu_typo_spacing":0,"ocean_menu_typo_spacing_tablet":0,"ocean_menu_typo_spacing_mobile":0,"ocean_menu_typo_spacing_unit":"","ocean_menu_link_color":"","ocean_menu_link_color_hover":"","ocean_menu_link_color_active":"","ocean_menu_link_background":"","ocean_menu_link_hover_background":"","ocean_menu_link_active_background":"","ocean_menu_social_links_bg":"","ocean_menu_social_hover_links_bg":"","ocean_menu_social_links_color":"","ocean_menu_social_hover_links_color":"","ocean_disable_title":"default","ocean_disable_heading":"default","ocean_post_title":"","ocean_post_subheading":"","ocean_post_title_style":"","ocean_post_title_background_color":"","ocean_post_title_background":0,"ocean_post_title_bg_image_position":"","ocean_post_title_bg_image_attachment":"","ocean_post_title_bg_image_repeat":"","ocean_post_title_bg_image_size":"","ocean_post_title_height":0,"ocean_post_title_bg_overlay":0.5,"ocean_post_title_bg_overlay_color":"","ocean_disable_breadcrumbs":"default","ocean_breadcrumbs_color":"","ocean_breadcrumbs_separator_color":"","ocean_breadcrumbs_links_color":"","ocean_breadcrumbs_links_hover_color":"","ocean_display_footer_widgets":"default","ocean_display_footer_bottom":"default","ocean_custom_footer_template":"0","footnotes":""},"class_list":["post-4026","page","type-page","status-publish","hentry","entry"],"yoast_head":"<!-- This site is optimized with the Yoast SEO plugin v27.4 - https:\/\/yoast.com\/product\/yoast-seo-wordpress\/ -->\n<title>Privacy Policy - Abbasi Immigration Law | Best Immigration Lawyer<\/title>\n<meta name=\"description\" content=\"Contact us today, we are the best immigration lawyer in Houston &amp; handle cases involving all aspects of immigration law\" \/>\n<meta name=\"robots\" content=\"index, follow, max-snippet:-1, max-image-preview:large, max-video-preview:-1\" \/>\n<link rel=\"canonical\" href=\"https:\/\/abbasiimmigrationlaw.com\/es\/politica-de-privacidad\/\" \/>\n<meta property=\"og:locale\" content=\"es_MX\" \/>\n<meta property=\"og:type\" content=\"article\" \/>\n<meta property=\"og:title\" content=\"Privacy Policy - Abbasi Immigration Law | Best Immigration Lawyer\" \/>\n<meta property=\"og:description\" content=\"Contact us today, we are the best immigration lawyer in Houston &amp; handle cases involving all aspects of immigration law\" \/>\n<meta property=\"og:url\" content=\"https:\/\/abbasiimmigrationlaw.com\/es\/politica-de-privacidad\/\" \/>\n<meta property=\"og:site_name\" content=\"ABBASI IMMIGRATION LAW FIRM\" \/>\n<meta property=\"article:modified_time\" content=\"2024-11-01T18:42:56+00:00\" \/>\n<meta name=\"twitter:card\" content=\"summary_large_image\" \/>\n<meta name=\"twitter:label1\" content=\"Tiempo de lectura\" \/>\n\t<meta name=\"twitter:data1\" content=\"6 minutos\" \/>\n<script type=\"application\/ld+json\" class=\"yoast-schema-graph\">{\"@context\":\"https:\\\/\\\/schema.org\",\"@graph\":[{\"@type\":\"WebPage\",\"@id\":\"https:\\\/\\\/abbasiimmigrationlaw.com\\\/privacy-policy\\\/\",\"url\":\"https:\\\/\\\/abbasiimmigrationlaw.com\\\/privacy-policy\\\/\",\"name\":\"Privacy Policy - Abbasi Immigration Law | Best Immigration Lawyer\",\"isPartOf\":{\"@id\":\"https:\\\/\\\/abbasiimmigrationlaw.com\\\/#website\"},\"datePublished\":\"2024-11-01T18:33:05+00:00\",\"dateModified\":\"2024-11-01T18:42:56+00:00\",\"description\":\"Contact us today, we are the best immigration lawyer in Houston & handle cases involving all aspects of immigration law\",\"breadcrumb\":{\"@id\":\"https:\\\/\\\/abbasiimmigrationlaw.com\\\/privacy-policy\\\/#breadcrumb\"},\"inLanguage\":\"es\",\"potentialAction\":[{\"@type\":\"ReadAction\",\"target\":[\"https:\\\/\\\/abbasiimmigrationlaw.com\\\/privacy-policy\\\/\"]}]},{\"@type\":\"BreadcrumbList\",\"@id\":\"https:\\\/\\\/abbasiimmigrationlaw.com\\\/privacy-policy\\\/#breadcrumb\",\"itemListElement\":[{\"@type\":\"ListItem\",\"position\":1,\"name\":\"Home\",\"item\":\"https:\\\/\\\/abbasiimmigrationlaw.com\\\/\"},{\"@type\":\"ListItem\",\"position\":2,\"name\":\"Privacy Policy\"}]},{\"@type\":\"WebSite\",\"@id\":\"https:\\\/\\\/abbasiimmigrationlaw.com\\\/#website\",\"url\":\"https:\\\/\\\/abbasiimmigrationlaw.com\\\/\",\"name\":\"ABBASI IMMIGRATION LAW FIRM\",\"description\":\"\",\"publisher\":{\"@id\":\"https:\\\/\\\/abbasiimmigrationlaw.com\\\/#organization\"},\"potentialAction\":[{\"@type\":\"SearchAction\",\"target\":{\"@type\":\"EntryPoint\",\"urlTemplate\":\"https:\\\/\\\/abbasiimmigrationlaw.com\\\/?s={search_term_string}\"},\"query-input\":{\"@type\":\"PropertyValueSpecification\",\"valueRequired\":true,\"valueName\":\"search_term_string\"}}],\"inLanguage\":\"es\"},{\"@type\":\"Organization\",\"@id\":\"https:\\\/\\\/abbasiimmigrationlaw.com\\\/#organization\",\"name\":\"ABBASI IMMIGRATION LAW FIRM\",\"url\":\"https:\\\/\\\/abbasiimmigrationlaw.com\\\/\",\"logo\":{\"@type\":\"ImageObject\",\"inLanguage\":\"es\",\"@id\":\"https:\\\/\\\/abbasiimmigrationlaw.com\\\/#\\\/schema\\\/logo\\\/image\\\/\",\"url\":\"https:\\\/\\\/abbasiimmigrationlaw.com\\\/wp-content\\\/uploads\\\/2022\\\/09\\\/Logo150x119.png\",\"contentUrl\":\"https:\\\/\\\/abbasiimmigrationlaw.com\\\/wp-content\\\/uploads\\\/2022\\\/09\\\/Logo150x119.png\",\"width\":150,\"height\":119,\"caption\":\"ABBASI IMMIGRATION LAW FIRM\"},\"image\":{\"@id\":\"https:\\\/\\\/abbasiimmigrationlaw.com\\\/#\\\/schema\\\/logo\\\/image\\\/\"}}]}<\/script>\n<!-- \/ Yoast SEO plugin. -->","yoast_head_json":{"title":"Pol\u00edtica de privacidad - Abbasi Immigration Law | Best Immigration Lawyer","description":"Contact us today, we are the best immigration lawyer in Houston &amp; handle cases involving all aspects of immigration law","robots":{"index":"index","follow":"follow","max-snippet":"max-snippet:-1","max-image-preview":"max-image-preview:large","max-video-preview":"max-video-preview:-1"},"canonical":"https:\/\/abbasiimmigrationlaw.com\/es\/politica-de-privacidad\/","og_locale":"es_MX","og_type":"article","og_title":"Privacy Policy - Abbasi Immigration Law | Best Immigration Lawyer","og_description":"Contact us today, we are the best immigration lawyer in Houston & handle cases involving all aspects of immigration law","og_url":"https:\/\/abbasiimmigrationlaw.com\/es\/politica-de-privacidad\/","og_site_name":"ABBASI IMMIGRATION LAW FIRM","article_modified_time":"2024-11-01T18:42:56+00:00","twitter_card":"summary_large_image","twitter_misc":{"Tiempo de lectura":"6 minutos"},"schema":{"@context":"https:\/\/schema.org","@graph":[{"@type":"WebPage","@id":"https:\/\/abbasiimmigrationlaw.com\/privacy-policy\/","url":"https:\/\/abbasiimmigrationlaw.com\/privacy-policy\/","name":"Pol\u00edtica de privacidad - Abbasi Immigration Law | Best Immigration Lawyer","isPartOf":{"@id":"https:\/\/abbasiimmigrationlaw.com\/#website"},"datePublished":"2024-11-01T18:33:05+00:00","dateModified":"2024-11-01T18:42:56+00:00","description":"Contact us today, we are the best immigration lawyer in Houston &amp; handle cases involving all aspects of immigration law","breadcrumb":{"@id":"https:\/\/abbasiimmigrationlaw.com\/privacy-policy\/#breadcrumb"},"inLanguage":"es","potentialAction":[{"@type":"ReadAction","target":["https:\/\/abbasiimmigrationlaw.com\/privacy-policy\/"]}]},{"@type":"BreadcrumbList","@id":"https:\/\/abbasiimmigrationlaw.com\/privacy-policy\/#breadcrumb","itemListElement":[{"@type":"ListItem","position":1,"name":"Home","item":"https:\/\/abbasiimmigrationlaw.com\/"},{"@type":"ListItem","position":2,"name":"Privacy Policy"}]},{"@type":"WebSite","@id":"https:\/\/abbasiimmigrationlaw.com\/#website","url":"https:\/\/abbasiimmigrationlaw.com\/","name":"BUFETE DE ABOGADOS DE INMIGRACI\u00d3N ABBASI","description":"","publisher":{"@id":"https:\/\/abbasiimmigrationlaw.com\/#organization"},"potentialAction":[{"@type":"SearchAction","target":{"@type":"EntryPoint","urlTemplate":"https:\/\/abbasiimmigrationlaw.com\/?s={search_term_string}"},"query-input":{"@type":"PropertyValueSpecification","valueRequired":true,"valueName":"search_term_string"}}],"inLanguage":"es"},{"@type":"Organization","@id":"https:\/\/abbasiimmigrationlaw.com\/#organization","name":"BUFETE DE ABOGADOS DE INMIGRACI\u00d3N ABBASI","url":"https:\/\/abbasiimmigrationlaw.com\/","logo":{"@type":"ImageObject","inLanguage":"es","@id":"https:\/\/abbasiimmigrationlaw.com\/#\/schema\/logo\/image\/","url":"https:\/\/abbasiimmigrationlaw.com\/wp-content\/uploads\/2022\/09\/Logo150x119.png","contentUrl":"https:\/\/abbasiimmigrationlaw.com\/wp-content\/uploads\/2022\/09\/Logo150x119.png","width":150,"height":119,"caption":"ABBASI IMMIGRATION LAW FIRM"},"image":{"@id":"https:\/\/abbasiimmigrationlaw.com\/#\/schema\/logo\/image\/"}}]}},"_links":{"self":[{"href":"https:\/\/abbasiimmigrationlaw.com\/es\/wp-json\/wp\/v2\/pages\/4026","targetHints":{"allow":["GET"]}}],"collection":[{"href":"https:\/\/abbasiimmigrationlaw.com\/es\/wp-json\/wp\/v2\/pages"}],"about":[{"href":"https:\/\/abbasiimmigrationlaw.com\/es\/wp-json\/wp\/v2\/types\/page"}],"author":[{"embeddable":true,"href":"https:\/\/abbasiimmigrationlaw.com\/es\/wp-json\/wp\/v2\/users\/1"}],"replies":[{"embeddable":true,"href":"https:\/\/abbasiimmigrationlaw.com\/es\/wp-json\/wp\/v2\/comments?post=4026"}],"version-history":[{"count":17,"href":"https:\/\/abbasiimmigrationlaw.com\/es\/wp-json\/wp\/v2\/pages\/4026\/revisions"}],"predecessor-version":[{"id":4044,"href":"https:\/\/abbasiimmigrationlaw.com\/es\/wp-json\/wp\/v2\/pages\/4026\/revisions\/4044"}],"wp:attachment":[{"href":"https:\/\/abbasiimmigrationlaw.com\/es\/wp-json\/wp\/v2\/media?parent=4026"}],"curies":[{"name":"wp","href":"https:\/\/api.w.org\/{rel}","templated":true}]}}