{"id":4050,"date":"2024-11-05T13:57:56","date_gmt":"2024-11-05T13:57:56","guid":{"rendered":"https:\/\/abbasiimmigrationlaw.com\/?page_id=4050"},"modified":"2024-11-05T14:10:05","modified_gmt":"2024-11-05T14:10:05","slug":"condiciones-generales","status":"publish","type":"page","link":"https:\/\/abbasiimmigrationlaw.com\/es\/terms-and-conditions\/","title":{"rendered":"Condiciones generales"},"content":{"rendered":"<div data-elementor-type=\"wp-page\" data-elementor-id=\"4050\" class=\"elementor elementor-4050\" data-elementor-post-type=\"page\">\n\t\t\t\t\t\t<section class=\"elementor-section elementor-top-section elementor-element elementor-element-9bd0fe8 elementor-section-full_width elementor-section-height-min-height elementor-section-items-bottom elementor-section-height-default\" data-id=\"9bd0fe8\" data-element_type=\"section\" data-e-type=\"section\" data-settings=\"{&quot;background_background&quot;:&quot;classic&quot;}\">\n\t\t\t\t\t\t\t<div class=\"elementor-background-overlay\"><\/div>\n\t\t\t\t\t\t\t<div class=\"elementor-container elementor-column-gap-default\">\n\t\t\t\t\t<div class=\"elementor-column elementor-col-100 elementor-top-column elementor-element elementor-element-a821cd5\" data-id=\"a821cd5\" data-element_type=\"column\" data-e-type=\"column\">\n\t\t\t<div class=\"elementor-widget-wrap elementor-element-populated\">\n\t\t\t\t\t\t<div class=\"elementor-element elementor-element-0570051 elementor-widget elementor-widget-heading\" data-id=\"0570051\" data-element_type=\"widget\" data-e-type=\"widget\" data-widget_type=\"heading.default\">\n\t\t\t\t<div class=\"elementor-widget-container\">\n\t\t\t\t\t<h1 class=\"elementor-heading-title elementor-size-default\">Condiciones generales<\/h1>\t\t\t\t<\/div>\n\t\t\t\t<\/div>\n\t\t\t\t<div class=\"elementor-element elementor-element-c975919 elementor-widget-divider--view-line_icon elementor-view-default elementor-widget-divider--element-align-center elementor-widget elementor-widget-divider\" data-id=\"c975919\" data-element_type=\"widget\" data-e-type=\"widget\" data-widget_type=\"divider.default\">\n\t\t\t\t<div class=\"elementor-widget-container\">\n\t\t\t\t\t\t\t<div class=\"elementor-divider\">\n\t\t\t<span class=\"elementor-divider-separator\">\n\t\t\t\t\t\t\t<div class=\"elementor-icon elementor-divider__element\">\n\t\t\t\t\t<svg xmlns=\"http:\/\/www.w3.org\/2000\/svg\" id=\"Capa_1\" height=\"512\" viewbox=\"0 0 512 512\" width=\"512\"><g><g><path d=\"m237.776 286.342 15.981-15.963c-3.099-6.703-9.98-20.739-15.287-25.926-7.379-6.989-18.69-12.602-27.321-16.599l-15.919 15.941z\"><\/path><path d=\"m174.033 265.021-174.033 173.979 42.305 42.305 174.247-173.765z\"><\/path><\/g><g id=\"Law_1_\"><g><g><path d=\"m290.821 42.277-42.566-42.277-127.017 127.046 42.252 42.563z\"><\/path><path d=\"m188.764 186.757c21.896 7.331 53.659 20.038 70.477 36.061 14.748 14.16 29.06 50.559 35.594 70.003l119.152-119.16c-19.536-6.486-54.6-20.297-70.181-35.878s-29.392-50.638-35.885-70.184z\"><\/path><path d=\"m439.318 190.752-127.337 127.344 42.548 42.27 127.061-127.031z\"><\/path><\/g><\/g><path d=\"m482 482v-60h-180v60h-30v30h240v-30z\"><\/path><\/g><\/g><\/svg><\/div>\n\t\t\t\t\t\t<\/span>\n\t\t<\/div>\n\t\t\t\t\t\t<\/div>\n\t\t\t\t<\/div>\n\t\t\t\t\t<\/div>\n\t\t<\/div>\n\t\t\t\t\t<\/div>\n\t\t<\/section>\n\t\t\t\t<section class=\"elementor-section elementor-top-section elementor-element elementor-element-98df504 elementor-section-boxed elementor-section-height-default elementor-section-height-default\" data-id=\"98df504\" data-element_type=\"section\" data-e-type=\"section\" data-settings=\"{&quot;background_background&quot;:&quot;classic&quot;}\">\n\t\t\t\t\t\t\t<div class=\"elementor-background-overlay\"><\/div>\n\t\t\t\t\t\t\t<div class=\"elementor-container elementor-column-gap-default\">\n\t\t\t\t\t<div class=\"elementor-column elementor-col-100 elementor-top-column elementor-element elementor-element-76d2bdd\" data-id=\"76d2bdd\" data-element_type=\"column\" data-e-type=\"column\">\n\t\t\t<div class=\"elementor-widget-wrap elementor-element-populated\">\n\t\t\t\t\t\t<div class=\"elementor-element elementor-element-4561244 elementor-widget elementor-widget-text-editor\" data-id=\"4561244\" data-element_type=\"widget\" data-e-type=\"widget\" data-widget_type=\"text-editor.default\">\n\t\t\t\t<div class=\"elementor-widget-container\">\n\t\t\t\t\t\t\t\t\t<p>La informaci\u00f3n proporcionada en el sitio web de The Abbasi Immigration Law Firm no pretende ser asesoramiento jur\u00eddico, sino que simplemente transmite informaci\u00f3n general relacionada con cuestiones jur\u00eddicas com\u00fanmente encontradas. Esta informaci\u00f3n no pretende crear ninguna relaci\u00f3n legal entre The Abbasi Immigration Law Firm o cualquier abogado y el usuario. Ni la transmisi\u00f3n ni la recepci\u00f3n de estos materiales del sitio web crear\u00e1 una relaci\u00f3n abogado-cliente entre el remitente y el destinatario. No se garantiza que la informaci\u00f3n sea correcta, completa o actual. No ofrecemos ninguna garant\u00eda, expresa o impl\u00edcita, sobre la exactitud o fiabilidad de la informaci\u00f3n contenida en este sitio web o en cualquier otro sitio web al que este sitio est\u00e9 vinculado. Tenga en cuenta que los resultados de recuperaci\u00f3n var\u00edan en funci\u00f3n del cliente. Este sitio web no pretende crear y no crea una relaci\u00f3n abogado-cliente entre el usuario y The Abbasi Immigration Law Firm.<\/p><p>Una relaci\u00f3n abogado-cliente con nosotros no puede formarse leyendo la informaci\u00f3n de este sitio web. La \u00fanica manera de convertirse en nuestro cliente es a trav\u00e9s de un acuerdo mutuo en una carta formal. Este sitio web no solicita clientes ni propone ning\u00fan tipo de transacci\u00f3n. Usted no debe actuar o confiar en cualquier informaci\u00f3n en este sitio web sin buscar el consejo de un abogado. La determinaci\u00f3n de si necesita servicios jur\u00eddicos y la elecci\u00f3n de un abogado son cuestiones muy importantes que no deben basarse en sitios web o anuncios.<\/p><p>ESTE SITIO SE PROPORCIONA \"TAL CUAL\", \"SEG\u00daN EST\u00c9 DISPONIBLE\" Y EL BUFETE DE ABOGADOS ABBASI IMMIGRATION LAW FIRM RENUNCIA EXPRESAMENTE A TODAS LAS GARANT\u00cdAS, INCLUIDAS LAS GARANT\u00cdAS DE COMERCIABILIDAD, IDONEIDAD PARA UN FIN DETERMINADO Y NO INFRACCI\u00d3N. EL BUFETE DE ABOGADOS DE INMIGRACI\u00d3N ABBASI NIEGA TODA RESPONSABILIDAD POR CUALQUIER P\u00c9RDIDA, LESI\u00d3N, RECLAMO, RESPONSABILIDAD O DA\u00d1O DE CUALQUIER TIPO QUE RESULTE DE, SURJA DE O DE CUALQUIER MANERA RELACIONADA CON (A) CUALQUIER ERROR U OMISI\u00d3N DE ESTE SITIO Y SU CONTENIDO, INCLUYENDO PERO NO LIMITADO A IMPRECISIONES T\u00c9CNICAS Y ERRORES TIPOGR\u00c1FICOS, (B) LOS SITIOS WEB DE TERCEROS O EL CONTENIDO DE LOS MISMOS A LOS QUE SE ACCEDA DIRECTA O INDIRECTAMENTE A TRAV\u00c9S DE LOS ENLACES DE ESTE SITIO, INCLUIDOS, ENTRE OTROS, LOS ERRORES U OMISIONES DE LOS MISMOS, (C) LA FALTA DE DISPONIBILIDAD DE ESTE SITIO O DE PARTE DEL MISMO, (D) EL USO QUE USTED HAGA DE ESTE SITIO, O (E) EL USO QUE USTED HAGA DE CUALQUIER EQUIPO O SOFTWARE EN RELACI\u00d3N CON ESTE SITIO. INFORMACI\u00d3N PERSONAL ENVIADA A LA P\u00c1GINA WEB Cualquier informaci\u00f3n que usted nos env\u00ede en un mensaje de correo electr\u00f3nico podr\u00eda no ser confidencial o privilegiada. El Abbasi Immigration Law Firm se esfuerza por proteger la informaci\u00f3n personal enviada por los usuarios del sitio web, incluso mediante el uso de cortafuegos y otras medidas de seguridad en nuestros servidores. Sin embargo, ning\u00fan servidor es 100 por ciento seguro, y usted debe tener esto en cuenta al enviar datos personales o confidenciales sobre usted en cualquier sitio web, incluyendo \u00e9ste. Adem\u00e1s, aunque el sitio web no recopila su nombre, direcci\u00f3n de correo electr\u00f3nico o informaci\u00f3n similar sobre usted sin su conocimiento o consentimiento, el sitio web le permite enviar voluntariamente datos sobre usted para que podamos prestarle los servicios solicitados. La informaci\u00f3n recopilada se incorporar\u00e1 a nuestra base de datos de correo y no se vender\u00e1 a terceros con fines de marketing. A petici\u00f3n suya, eliminaremos sus datos personales de nuestros archivos. Si est\u00e1 interesado en que le representemos, debe llamarnos para que podamos determinar si el asunto es uno para el que estamos dispuestos o somos capaces de aceptar responsabilidad profesional. No tomaremos esta determinaci\u00f3n mediante comunicaci\u00f3n por correo electr\u00f3nico. Los n\u00fameros de tel\u00e9fono de nuestro despacho figuran en esta p\u00e1gina web. Nos reservamos el derecho de rechazar cualquier representaci\u00f3n. Podemos vernos obligados a declinar la representaci\u00f3n si ello creara un conflicto de intereses con nuestros otros clientes.<\/p><p>JURISDICCIONES DE EJERCICIO <br \/>The Abbasi Immigration Law Firm es un bufete de abogados con sede principal en Houston, Texas.<\/p><p>LAS CONDICIONES DE USO PUEDEN SER MODIFICADAS POR LA EMPRESA <br \/>El Abbasi Immigration Law Firm peri\u00f3dicamente cambia, a\u00f1ade o actualiza el material en este sitio web sin previo aviso. El Abbasi Immigration Law Firm no asume ninguna responsabilidad por cualquier error u omisi\u00f3n en el contenido de este sitio web. El uso de este sitio web es bajo su propio riesgo. Bajo ninguna circunstancia The Abbasi Immigration Law Firm o cualquier otra parte involucrada en la creaci\u00f3n, producci\u00f3n o entrega de este sitio web ser\u00e1 responsable ante usted o cualquier otra persona por cualquier da\u00f1o indirecto, especial, incidental o consecuente de cualquier tipo que surja de su acceso o uso de este sitio web.<\/p><p>SITIOS WEB DE TERCEROS <br \/>Este sitio web puede contener ocasionalmente enlaces a sitios web de terceros para comodidad de nuestros usuarios. El Abbasi Immigration Law Firm no respalda ninguno de estos sitios de terceros y no pretende implicar ninguna asociaci\u00f3n entre la empresa y la parte (s) involucrados. Adem\u00e1s, el Abbasi Immigration Law Firm no controla estos sitios web de terceros y no puede representar que sus pol\u00edticas y pr\u00e1cticas ser\u00e1n coherentes con estas Condiciones de Uso. Si utiliza cualquier enlace a sitios web no mantenidos por The Abbasi Immigration Law Firm, lo hace bajo su propio riesgo. El Abbasi Immigration Law Firm no es responsable por el contenido o la disponibilidad de cualquier sitio vinculado. Estos enlaces se proporcionan s\u00f3lo como una conveniencia para el destinatario.<\/p><p>REQUISITOS LEGALES Y \u00c9TICOS <br \/>El Abbasi Immigration Law Firm ha tratado de cumplir con todos los requisitos legales y \u00e9ticos en la compilaci\u00f3n de este sitio web. No queremos representar a clientes bas\u00e1ndonos en su revisi\u00f3n de cualquier parte de este sitio web que no cumpla con los requisitos legales o \u00e9ticos. En la medida en que las normas de responsabilidad profesional de cualquier jurisdicci\u00f3n nos obligan a designar una oficina principal o un abogado responsable de este sitio web, The Abbasi Immigration Law Firm designa su direcci\u00f3n postal 16420 Park Ten Place, Suite #560, Houston, Texas 77084.<\/p><p>CL\u00c1USULAS DE EXENCI\u00d3N DE RESPONSABILIDAD <br \/>Texas: A menos que se indique lo contrario, nuestros abogados que reclaman la certificaci\u00f3n en un \u00e1rea de la ley no est\u00e1n certificados por la Junta de Especializaci\u00f3n Legal de Texas.<\/p><p>PROPIEDAD, LICENCIA Y RESTRICCIONES DE USO <br \/>Como entre The Abbasi Immigration Law Firm y usted, todos los derechos, t\u00edtulos e intereses (incluyendo todos los derechos de autor, marcas registradas y otros derechos de propiedad intelectual) en este sitio web pertenece a The Abbasi Immigration Law Firm, sus licenciantes, o listees. Adem\u00e1s, los nombres, im\u00e1genes, fotograf\u00edas, logotipos e iconos que identifican a The Abbasi Immigration Law Firm productos y servicios en muchos pa\u00edses son marcas de propiedad de The Abbasi Immigration Law Firm y \/ o sus subsidiarias o afiliadas. Salvo lo dispuesto expresamente a continuaci\u00f3n, nada de lo aqu\u00ed contenido se interpretar\u00e1 como una concesi\u00f3n de licencia o derecho, por implicaci\u00f3n, impedimento o de otro tipo, en virtud de derechos de autor u otros derechos de propiedad intelectual. Por la presente se le concede una licencia no exclusiva, intransferible y limitada para ver y utilizar la informaci\u00f3n obtenida de este sitio web, siempre que sea exclusivamente para fines personales, informativos y no comerciales, y siempre que no elimine ni oculte el aviso de copyright u otros avisos. Salvo que se indique expresamente lo contrario, ninguna parte de este sitio web, incluidos, entre otros, los materiales obtenidos de \u00e9l y el c\u00f3digo subyacente, podr\u00e1 reproducirse, volver a publicarse, copiarse, transmitirse o distribuirse de ninguna forma ni por ning\u00fan medio. En ning\u00fan caso los materiales de este sitio web se almacenar\u00e1n en ning\u00fan sistema de almacenamiento y recuperaci\u00f3n de informaci\u00f3n sin el permiso previo por escrito de The Abbasi Immigration Law Firm. El uso, duplicaci\u00f3n o divulgaci\u00f3n por o para el Gobierno de los Estados Unidos est\u00e1 sujeto a las restricciones establecidas en DFARS 252.227-7013 (c)1)(ii) y FAR 52.227-19.<\/p><p>LIMITACI\u00d3N DE RESPONSABILIDAD <br \/>Una parte cubierta (como se define a continuaci\u00f3n) no ser\u00e1 responsable de ning\u00fan da\u00f1o directo, indirecto, incidental, especial o consecuente de ning\u00fan tipo (incluyendo, sin limitaci\u00f3n, honorarios de abogados y p\u00e9rdida de beneficios o ahorros) de cualquier manera debido a, como resultado de, o que surjan en relaci\u00f3n con este sitio, incluyendo su contenido, independientemente de cualquier negligencia de cualquier parte cubierta. \"Parte cubierta\" significa The Abbasi Immigration Law Firm, sus afiliados, sus listados, y cualquier funcionario, director, empleado, subcontratista, agente, sucesor, o asignar The Abbasi Immigration Law Firm, sus afiliados, y sus listados.<\/p><p>LEGISLACI\u00d3N APLICABLE EN CASO DE LITIGIO Y JURISDICCI\u00d3N<br \/>Las presentes Condiciones de Uso se regir\u00e1n e interpretar\u00e1n de conformidad con la legislaci\u00f3n del Estado de Texas, EE.UU., tal y como se aplica a los acuerdos celebrados y ejecutados exclusivamente en dicho Estado. Las controversias que surjan en virtud del presente se someter\u00e1n exclusivamente a la jurisdicci\u00f3n de los tribunales federales de los Estados Unidos de Am\u00e9rica y\/o de los tribunales estatales de Texas y, por lo tanto, la jurisdicci\u00f3n corresponder\u00e1 \u00fanicamente a Texas, EE.UU..<\/p><p>SEVERABILIDAD<br \/>Estas Condiciones de Uso incorporan por referencia cualquier aviso contenido en este Sitio y constituyen el acuerdo completo con respecto a su acceso y uso de este Sitio. Si alguna disposici\u00f3n de estos T\u00e9rminos y Condiciones es ilegal, nula o inaplicable, dicha disposici\u00f3n se considerar\u00e1 separable de las disposiciones restantes y no afectar\u00e1 su validez y aplicabilidad. El material disponible en el sitio web de The Abbasi Immigration Law Firm est\u00e1 protegido por la ley de derechos de autor. The Abbasi Immigration Law Firm. Todos los derechos reservados.<\/p>\t\t\t\t\t\t\t\t<\/div>\n\t\t\t\t<\/div>\n\t\t\t\t\t<\/div>\n\t\t<\/div>\n\t\t\t\t\t<\/div>\n\t\t<\/section>\n\t\t\t\t<\/div>","protected":false},"excerpt":{"rendered":"<p>Terms and Conditions The information provided on The Abbasi Immigration Law Firm website is not intended to be legal advice, but merely conveys general information related to legal issues commonly encountered. This information is not intended to create any legal relationship between The Abbasi Immigration Law Firm or any attorney and the user. Neither the [&hellip;]<\/p>\n","protected":false},"author":1,"featured_media":0,"parent":0,"menu_order":0,"comment_status":"closed","ping_status":"closed","template":"","meta":{"inline_featured_image":false,"ocean_post_layout":"","ocean_both_sidebars_style":"","ocean_both_sidebars_content_width":0,"ocean_both_sidebars_sidebars_width":0,"ocean_sidebar":"0","ocean_second_sidebar":"0","ocean_disable_margins":"enable","ocean_add_body_class":"","ocean_shortcode_before_top_bar":"","ocean_shortcode_after_top_bar":"","ocean_shortcode_before_header":"","ocean_shortcode_after_header":"","ocean_has_shortcode":"","ocean_shortcode_after_title":"","ocean_shortcode_before_footer_widgets":"","ocean_shortcode_after_footer_widgets":"","ocean_shortcode_before_footer_bottom":"","ocean_shortcode_after_footer_bottom":"","ocean_display_top_bar":"default","ocean_display_header":"default","ocean_header_style":"","ocean_center_header_left_menu":"0","ocean_custom_header_template":"0","ocean_custom_logo":0,"ocean_custom_retina_logo":0,"ocean_custom_logo_max_width":0,"ocean_custom_logo_tablet_max_width":0,"ocean_custom_logo_mobile_max_width":0,"ocean_custom_logo_max_height":0,"ocean_custom_logo_tablet_max_height":0,"ocean_custom_logo_mobile_max_height":0,"ocean_header_custom_menu":"0","ocean_menu_typo_font_family":"0","ocean_menu_typo_font_subset":"","ocean_menu_typo_font_size":0,"ocean_menu_typo_font_size_tablet":0,"ocean_menu_typo_font_size_mobile":0,"ocean_menu_typo_font_size_unit":"px","ocean_menu_typo_font_weight":"","ocean_menu_typo_font_weight_tablet":"","ocean_menu_typo_font_weight_mobile":"","ocean_menu_typo_transform":"","ocean_menu_typo_transform_tablet":"","ocean_menu_typo_transform_mobile":"","ocean_menu_typo_line_height":0,"ocean_menu_typo_line_height_tablet":0,"ocean_menu_typo_line_height_mobile":0,"ocean_menu_typo_line_height_unit":"","ocean_menu_typo_spacing":0,"ocean_menu_typo_spacing_tablet":0,"ocean_menu_typo_spacing_mobile":0,"ocean_menu_typo_spacing_unit":"","ocean_menu_link_color":"","ocean_menu_link_color_hover":"","ocean_menu_link_color_active":"","ocean_menu_link_background":"","ocean_menu_link_hover_background":"","ocean_menu_link_active_background":"","ocean_menu_social_links_bg":"","ocean_menu_social_hover_links_bg":"","ocean_menu_social_links_color":"","ocean_menu_social_hover_links_color":"","ocean_disable_title":"default","ocean_disable_heading":"default","ocean_post_title":"","ocean_post_subheading":"","ocean_post_title_style":"","ocean_post_title_background_color":"","ocean_post_title_background":0,"ocean_post_title_bg_image_position":"","ocean_post_title_bg_image_attachment":"","ocean_post_title_bg_image_repeat":"","ocean_post_title_bg_image_size":"","ocean_post_title_height":0,"ocean_post_title_bg_overlay":0.5,"ocean_post_title_bg_overlay_color":"","ocean_disable_breadcrumbs":"default","ocean_breadcrumbs_color":"","ocean_breadcrumbs_separator_color":"","ocean_breadcrumbs_links_color":"","ocean_breadcrumbs_links_hover_color":"","ocean_display_footer_widgets":"default","ocean_display_footer_bottom":"default","ocean_custom_footer_template":"0","footnotes":""},"class_list":["post-4050","page","type-page","status-publish","hentry","entry"],"yoast_head":"<!-- This site is optimized with the Yoast SEO plugin v27.4 - https:\/\/yoast.com\/product\/yoast-seo-wordpress\/ -->\n<title>Privacy Policy - Abbasi Immigration Law | Best Immigration Lawyer<\/title>\n<meta name=\"description\" content=\"Contact us today, we are the best immigration lawyer in Houston &amp; handle cases involving all aspects of immigration law\" \/>\n<meta name=\"robots\" content=\"index, follow, max-snippet:-1, max-image-preview:large, max-video-preview:-1\" \/>\n<link rel=\"canonical\" href=\"https:\/\/abbasiimmigrationlaw.com\/es\/condiciones-generales\/\" \/>\n<meta property=\"og:locale\" content=\"es_MX\" \/>\n<meta property=\"og:type\" content=\"article\" \/>\n<meta property=\"og:title\" content=\"Privacy Policy - Abbasi Immigration Law | Best Immigration Lawyer\" \/>\n<meta property=\"og:description\" content=\"Contact us today, we are the best immigration lawyer in Houston &amp; handle cases involving all aspects of immigration law\" \/>\n<meta property=\"og:url\" content=\"https:\/\/abbasiimmigrationlaw.com\/es\/condiciones-generales\/\" \/>\n<meta property=\"og:site_name\" content=\"ABBASI IMMIGRATION LAW FIRM\" \/>\n<meta property=\"article:modified_time\" content=\"2024-11-05T14:10:05+00:00\" \/>\n<meta name=\"twitter:card\" content=\"summary_large_image\" \/>\n<meta name=\"twitter:label1\" content=\"Tiempo de lectura\" \/>\n\t<meta name=\"twitter:data1\" content=\"7 minutos\" \/>\n<script type=\"application\/ld+json\" class=\"yoast-schema-graph\">{\"@context\":\"https:\\\/\\\/schema.org\",\"@graph\":[{\"@type\":\"WebPage\",\"@id\":\"https:\\\/\\\/abbasiimmigrationlaw.com\\\/terms-and-conditions\\\/\",\"url\":\"https:\\\/\\\/abbasiimmigrationlaw.com\\\/terms-and-conditions\\\/\",\"name\":\"Privacy Policy - Abbasi Immigration Law | Best Immigration Lawyer\",\"isPartOf\":{\"@id\":\"https:\\\/\\\/abbasiimmigrationlaw.com\\\/#website\"},\"datePublished\":\"2024-11-05T13:57:56+00:00\",\"dateModified\":\"2024-11-05T14:10:05+00:00\",\"description\":\"Contact us today, we are the best immigration lawyer in Houston & handle cases involving all aspects of immigration law\",\"breadcrumb\":{\"@id\":\"https:\\\/\\\/abbasiimmigrationlaw.com\\\/terms-and-conditions\\\/#breadcrumb\"},\"inLanguage\":\"es\",\"potentialAction\":[{\"@type\":\"ReadAction\",\"target\":[\"https:\\\/\\\/abbasiimmigrationlaw.com\\\/terms-and-conditions\\\/\"]}]},{\"@type\":\"BreadcrumbList\",\"@id\":\"https:\\\/\\\/abbasiimmigrationlaw.com\\\/terms-and-conditions\\\/#breadcrumb\",\"itemListElement\":[{\"@type\":\"ListItem\",\"position\":1,\"name\":\"Home\",\"item\":\"https:\\\/\\\/abbasiimmigrationlaw.com\\\/\"},{\"@type\":\"ListItem\",\"position\":2,\"name\":\"Terms and Conditions\"}]},{\"@type\":\"WebSite\",\"@id\":\"https:\\\/\\\/abbasiimmigrationlaw.com\\\/#website\",\"url\":\"https:\\\/\\\/abbasiimmigrationlaw.com\\\/\",\"name\":\"ABBASI IMMIGRATION LAW FIRM\",\"description\":\"\",\"publisher\":{\"@id\":\"https:\\\/\\\/abbasiimmigrationlaw.com\\\/#organization\"},\"potentialAction\":[{\"@type\":\"SearchAction\",\"target\":{\"@type\":\"EntryPoint\",\"urlTemplate\":\"https:\\\/\\\/abbasiimmigrationlaw.com\\\/?s={search_term_string}\"},\"query-input\":{\"@type\":\"PropertyValueSpecification\",\"valueRequired\":true,\"valueName\":\"search_term_string\"}}],\"inLanguage\":\"es\"},{\"@type\":\"Organization\",\"@id\":\"https:\\\/\\\/abbasiimmigrationlaw.com\\\/#organization\",\"name\":\"ABBASI IMMIGRATION LAW FIRM\",\"url\":\"https:\\\/\\\/abbasiimmigrationlaw.com\\\/\",\"logo\":{\"@type\":\"ImageObject\",\"inLanguage\":\"es\",\"@id\":\"https:\\\/\\\/abbasiimmigrationlaw.com\\\/#\\\/schema\\\/logo\\\/image\\\/\",\"url\":\"https:\\\/\\\/abbasiimmigrationlaw.com\\\/wp-content\\\/uploads\\\/2022\\\/09\\\/Logo150x119.png\",\"contentUrl\":\"https:\\\/\\\/abbasiimmigrationlaw.com\\\/wp-content\\\/uploads\\\/2022\\\/09\\\/Logo150x119.png\",\"width\":150,\"height\":119,\"caption\":\"ABBASI IMMIGRATION LAW FIRM\"},\"image\":{\"@id\":\"https:\\\/\\\/abbasiimmigrationlaw.com\\\/#\\\/schema\\\/logo\\\/image\\\/\"}}]}<\/script>\n<!-- \/ Yoast SEO plugin. -->","yoast_head_json":{"title":"Pol\u00edtica de privacidad - Abbasi Immigration Law | Best Immigration Lawyer","description":"Contact us today, we are the best immigration lawyer in Houston &amp; handle cases involving all aspects of immigration law","robots":{"index":"index","follow":"follow","max-snippet":"max-snippet:-1","max-image-preview":"max-image-preview:large","max-video-preview":"max-video-preview:-1"},"canonical":"https:\/\/abbasiimmigrationlaw.com\/es\/condiciones-generales\/","og_locale":"es_MX","og_type":"article","og_title":"Privacy Policy - Abbasi Immigration Law | Best Immigration Lawyer","og_description":"Contact us today, we are the best immigration lawyer in Houston & handle cases involving all aspects of immigration law","og_url":"https:\/\/abbasiimmigrationlaw.com\/es\/condiciones-generales\/","og_site_name":"ABBASI IMMIGRATION LAW FIRM","article_modified_time":"2024-11-05T14:10:05+00:00","twitter_card":"summary_large_image","twitter_misc":{"Tiempo de lectura":"7 minutos"},"schema":{"@context":"https:\/\/schema.org","@graph":[{"@type":"WebPage","@id":"https:\/\/abbasiimmigrationlaw.com\/terms-and-conditions\/","url":"https:\/\/abbasiimmigrationlaw.com\/terms-and-conditions\/","name":"Pol\u00edtica de privacidad - Abbasi Immigration Law | Best Immigration Lawyer","isPartOf":{"@id":"https:\/\/abbasiimmigrationlaw.com\/#website"},"datePublished":"2024-11-05T13:57:56+00:00","dateModified":"2024-11-05T14:10:05+00:00","description":"Contact us today, we are the best immigration lawyer in Houston &amp; handle cases involving all aspects of immigration law","breadcrumb":{"@id":"https:\/\/abbasiimmigrationlaw.com\/terms-and-conditions\/#breadcrumb"},"inLanguage":"es","potentialAction":[{"@type":"ReadAction","target":["https:\/\/abbasiimmigrationlaw.com\/terms-and-conditions\/"]}]},{"@type":"BreadcrumbList","@id":"https:\/\/abbasiimmigrationlaw.com\/terms-and-conditions\/#breadcrumb","itemListElement":[{"@type":"ListItem","position":1,"name":"Home","item":"https:\/\/abbasiimmigrationlaw.com\/"},{"@type":"ListItem","position":2,"name":"Terms and Conditions"}]},{"@type":"WebSite","@id":"https:\/\/abbasiimmigrationlaw.com\/#website","url":"https:\/\/abbasiimmigrationlaw.com\/","name":"BUFETE DE ABOGADOS DE INMIGRACI\u00d3N ABBASI","description":"","publisher":{"@id":"https:\/\/abbasiimmigrationlaw.com\/#organization"},"potentialAction":[{"@type":"SearchAction","target":{"@type":"EntryPoint","urlTemplate":"https:\/\/abbasiimmigrationlaw.com\/?s={search_term_string}"},"query-input":{"@type":"PropertyValueSpecification","valueRequired":true,"valueName":"search_term_string"}}],"inLanguage":"es"},{"@type":"Organization","@id":"https:\/\/abbasiimmigrationlaw.com\/#organization","name":"BUFETE DE ABOGADOS DE INMIGRACI\u00d3N ABBASI","url":"https:\/\/abbasiimmigrationlaw.com\/","logo":{"@type":"ImageObject","inLanguage":"es","@id":"https:\/\/abbasiimmigrationlaw.com\/#\/schema\/logo\/image\/","url":"https:\/\/abbasiimmigrationlaw.com\/wp-content\/uploads\/2022\/09\/Logo150x119.png","contentUrl":"https:\/\/abbasiimmigrationlaw.com\/wp-content\/uploads\/2022\/09\/Logo150x119.png","width":150,"height":119,"caption":"ABBASI IMMIGRATION LAW FIRM"},"image":{"@id":"https:\/\/abbasiimmigrationlaw.com\/#\/schema\/logo\/image\/"}}]}},"_links":{"self":[{"href":"https:\/\/abbasiimmigrationlaw.com\/es\/wp-json\/wp\/v2\/pages\/4050","targetHints":{"allow":["GET"]}}],"collection":[{"href":"https:\/\/abbasiimmigrationlaw.com\/es\/wp-json\/wp\/v2\/pages"}],"about":[{"href":"https:\/\/abbasiimmigrationlaw.com\/es\/wp-json\/wp\/v2\/types\/page"}],"author":[{"embeddable":true,"href":"https:\/\/abbasiimmigrationlaw.com\/es\/wp-json\/wp\/v2\/users\/1"}],"replies":[{"embeddable":true,"href":"https:\/\/abbasiimmigrationlaw.com\/es\/wp-json\/wp\/v2\/comments?post=4050"}],"version-history":[{"count":5,"href":"https:\/\/abbasiimmigrationlaw.com\/es\/wp-json\/wp\/v2\/pages\/4050\/revisions"}],"predecessor-version":[{"id":4055,"href":"https:\/\/abbasiimmigrationlaw.com\/es\/wp-json\/wp\/v2\/pages\/4050\/revisions\/4055"}],"wp:attachment":[{"href":"https:\/\/abbasiimmigrationlaw.com\/es\/wp-json\/wp\/v2\/media?parent=4050"}],"curies":[{"name":"wp","href":"https:\/\/api.w.org\/{rel}","templated":true}]}}